{"id":18107,"date":"2024-01-28T18:20:03","date_gmt":"2024-01-28T18:20:03","guid":{"rendered":"https:\/\/help.newforma.com\/?page_id=18107"},"modified":"2024-01-28T18:34:22","modified_gmt":"2024-01-28T18:34:22","slug":"404fr","status":"publish","type":"page","link":"https:\/\/help.newforma.com\/fr\/404fr\/","title":{"rendered":"404"},"content":{"rendered":"\n<div class=\"wp-block-columns container pt-4 is-layout-flex wp-container-core-columns-is-layout-9d6595d7 wp-block-columns-is-layout-flex\">\n<div class=\"wp-block-column card p-4 is-layout-flow wp-block-column-is-layout-flow\"><div class=\"wp-block-image mb-4\">\n<figure class=\"aligncenter size-large is-resized\"><a href=\"https:\/\/konekt.help.newforma.com\/fr\" target=\"_blank\" rel=\"noreferrer noopener\"><img loading=\"lazy\" decoding=\"async\" width=\"257\" height=\"70\" src=\"https:\/\/helpnfprod.wpenginepowered.com\/wp-content\/uploads\/NF_Konekt_4c_L-1.svg\" alt=\"\" class=\"wp-image-15950\" style=\"height:50px\"\/><\/a><\/figure>\n<\/div>\n\n\n<form role=\"search\" method=\"get\" action=\"https:\/\/konekt.help.newforma.com\/fr\" class=\"wp-block-search__button-inside wp-block-search__icon-button my-0 wp-block-search\" target=\"_blank\">\r\n\t<label class=\"wp-block-search__label screen-reader-text\" for=\"wp-block-search__input-1\">Rechercher<\/label>\r\n\t<div class=\"wp-block-search__inside-wrapper m-2\">\r\n\t\t<input class=\"wp-block-search__input\" id=\"wp-block-search__input-1\" placeholder=\"Rechercher l'aide de Newforma Konekt\" value=\"\" type=\"search\" name=\"s\" required=\"\"\/>\r\n\t\t<button aria-label=\"Search\" class=\"wp-block-search__button has-text-color has-white-color has-background has-icon wp-element-button\" type=\"submit\" style=\"background-color: #004f9f\">\r\n\t\t\t<svg class=\"search-icon\" viewbox=\"0 0 24 24\" width=\"24\" height=\"24\">\r\n\t\t\t\t<path d=\"M13 5c-3.3 0-6 2.7-6 6 0 1.4.5 2.7 1.3 3.7l-3.8 3.8 1.1 1.1 3.8-3.8c1 .8 2.3 1.3 3.7 1.3 3.3 0 6-2.7 6-6S16.3 5 13 5zm0 10.5c-2.5 0-4.5-2-4.5-4.5s2-4.5 4.5-4.5 4.5 2 4.5 4.5-2 4.5-4.5 4.5z\"><\/path>\r\n\t\t\t<\/svg>\r\n\t\t<\/button>\r\n\t<\/div>\r\n<\/form>\n\n\n\n<h3 class=\"wp-block-heading has-text-align-left mt-4\">Cat\u00e9gories de Newforma Konekt<\/h3>\n\n\n<section class=\"categories nk m-2\"><a href=\"https:\/\/konekt.help.newforma.com\/fr\/elements-lies-fr\/\" target=\"_blank\" class=\"cat-link\"><div class=\"row my-0 py-0\"><div class=\"col-auto ps-2 pe-0\"><span class=\"panel-icon\"><span class=\"icon-folder\"><\/span><\/span><\/div><div class=\"col px-2\">\u00c9l\u00e9ments li\u00e9s<\/div><\/div><\/a><a href=\"https:\/\/konekt.help.newforma.com\/fr\/centre-partage-fr\/\" target=\"_blank\" class=\"cat-link\"><div class=\"row my-0 py-0\"><div class=\"col-auto ps-2 pe-0\"><span class=\"panel-icon\"><span class=\"icon-folder\"><\/span><\/span><\/div><div class=\"col px-2\">Centre de partage<\/div><\/div><\/a><a href=\"https:\/\/konekt.help.newforma.com\/fr\/general-fr\/\" target=\"_blank\" class=\"cat-link\"><div class=\"row my-0 py-0\"><div class=\"col-auto ps-2 pe-0\"><span class=\"panel-icon\"><span class=\"icon-folder\"><\/span><\/span><\/div><div class=\"col px-2\">G\u00e9n\u00e9ral<\/div><\/div><\/a><a href=\"https:\/\/konekt.help.newforma.com\/fr\/360002798432-introduction\/\" target=\"_blank\" class=\"cat-link\"><div class=\"row my-0 py-0\"><div class=\"col-auto ps-2 pe-0\"><span class=\"panel-icon\"><span class=\"icon-folder\"><\/span><\/span><\/div><div class=\"col px-2\">Introduction<\/div><\/div><\/a><a href=\"https:\/\/konekt.help.newforma.com\/fr\/4408486565645-hubs-et-projets\/\" target=\"_blank\" class=\"cat-link\"><div class=\"row my-0 py-0\"><div class=\"col-auto ps-2 pe-0\"><span class=\"panel-icon\"><span class=\"icon-folder\"><\/span><\/span><\/div><div class=\"col px-2\">Hubs et projets<\/div><\/div><\/a><a href=\"https:\/\/konekt.help.newforma.com\/fr\/4408494446221-questions\/\" target=\"_blank\" class=\"cat-link\"><div class=\"row my-0 py-0\"><div class=\"col-auto ps-2 pe-0\"><span class=\"panel-icon\"><span class=\"icon-folder\"><\/span><\/span><\/div><div class=\"col px-2\">Questions<\/div><\/div><\/a><a href=\"https:\/\/konekt.help.newforma.com\/fr\/gestion-des-changements\/\" target=\"_blank\" class=\"cat-link\"><div class=\"row my-0 py-0\"><div class=\"col-auto ps-2 pe-0\"><span class=\"panel-icon\"><span class=\"icon-folder\"><\/span><\/span><\/div><div class=\"col px-2\">Gestion des changements<\/div><\/div><\/a><a href=\"https:\/\/konekt.help.newforma.com\/fr\/12761946458125-di-et-revues-des-dessins\/\" target=\"_blank\" class=\"cat-link\"><div class=\"row my-0 py-0\"><div class=\"col-auto ps-2 pe-0\"><span class=\"panel-icon\"><span class=\"icon-folder\"><\/span><\/span><\/div><div class=\"col px-2\">DI et revues des dessins<\/div><\/div><\/a><a href=\"https:\/\/konekt.help.newforma.com\/fr\/12327324909837-courriels\/\" target=\"_blank\" class=\"cat-link\"><div class=\"row my-0 py-0\"><div class=\"col-auto ps-2 pe-0\"><span class=\"panel-icon\"><span class=\"icon-folder\"><\/span><\/span><\/div><div class=\"col px-2\">Courriels<\/div><\/div><\/a><a href=\"https:\/\/konekt.help.newforma.com\/fr\/12327252296077-gestionnaire-de-fichiers\/\" target=\"_blank\" class=\"cat-link\"><div class=\"row my-0 py-0\"><div class=\"col-auto ps-2 pe-0\"><span class=\"panel-icon\"><span class=\"icon-folder\"><\/span><\/span><\/div><div class=\"col px-2\">Gestionnaire de fichiers<\/div><\/div><\/a><a href=\"https:\/\/konekt.help.newforma.com\/fr\/controle-des-documents\/\" target=\"_blank\" class=\"cat-link\"><div class=\"row my-0 py-0\"><div class=\"col-auto ps-2 pe-0\"><span class=\"panel-icon\"><span class=\"icon-folder\"><\/span><\/span><\/div><div class=\"col px-2\">Contr\u00f4le des documents<\/div><\/div><\/a><a href=\"https:\/\/konekt.help.newforma.com\/fr\/4408494491533-visionneuse-2d-3d\/\" target=\"_blank\" class=\"cat-link\"><div class=\"row my-0 py-0\"><div class=\"col-auto ps-2 pe-0\"><span class=\"panel-icon\"><span class=\"icon-folder\"><\/span><\/span><\/div><div class=\"col px-2\">Visionneuse 2D\/3D<\/div><\/div><\/a><a href=\"https:\/\/konekt.help.newforma.com\/fr\/4408486752653-metriques-et-rapports\/\" target=\"_blank\" class=\"cat-link\"><div class=\"row my-0 py-0\"><div class=\"col-auto ps-2 pe-0\"><span class=\"panel-icon\"><span class=\"icon-folder\"><\/span><\/span><\/div><div class=\"col px-2\">M\u00e9triques et rapports<\/div><\/div><\/a><a href=\"https:\/\/konekt.help.newforma.com\/fr\/5341990202381-application-mobile\/\" target=\"_blank\" class=\"cat-link\"><div class=\"row my-0 py-0\"><div class=\"col-auto ps-2 pe-0\"><span class=\"panel-icon\"><span class=\"icon-folder\"><\/span><\/span><\/div><div class=\"col px-2\">Application mobile<\/div><\/div><\/a><a href=\"https:\/\/konekt.help.newforma.com\/fr\/360002819171-add-ins\/\" target=\"_blank\" class=\"cat-link\"><div class=\"row my-0 py-0\"><div class=\"col-auto ps-2 pe-0\"><span class=\"panel-icon\"><span class=\"icon-folder\"><\/span><\/span><\/div><div class=\"col px-2\">Add-ins<\/div><\/div><\/a><a href=\"https:\/\/konekt.help.newforma.com\/fr\/4408494681869-integrations-et-api\/\" target=\"_blank\" class=\"cat-link\"><div class=\"row my-0 py-0\"><div class=\"col-auto ps-2 pe-0\"><span class=\"panel-icon\"><span class=\"icon-folder\"><\/span><\/span><\/div><div class=\"col px-2\">Int\u00e9grations et API<\/div><\/div><\/a><a href=\"https:\/\/konekt.help.newforma.com\/fr\/360002798492-journal-de-developpement\/\" target=\"_blank\" class=\"cat-link\"><div class=\"row my-0 py-0\"><div class=\"col-auto ps-2 pe-0\"><span class=\"panel-icon\"><span class=\"icon-folder\"><\/span><\/span><\/div><div class=\"col px-2\">Journal de d\u00e9veloppement<\/div><\/div><\/a><\/section>\n<\/div>\n\n\n\n<div class=\"wp-block-column card p-4 is-layout-flow wp-block-column-is-layout-flow\"><div class=\"wp-block-image mb-4\">\n<figure class=\"aligncenter size-large is-resized\"><a href=\"https:\/\/projectcenter.help.newforma.com\/\" target=\"_blank\" rel=\"noreferrer noopener\"><img loading=\"lazy\" decoding=\"async\" width=\"437\" height=\"70\" src=\"https:\/\/helpnfprod.wpenginepowered.com\/wp-content\/uploads\/NF_NPC_4c_L.svg\" alt=\"\" class=\"wp-image-15954\" style=\"height:50px\"\/><\/a><\/figure>\n<\/div>\n\n\n<form role=\"search\" method=\"get\" action=\"https:\/\/projectcenter.help.newforma.com\/\" class=\"wp-block-search__button-inside wp-block-search__icon-button my-0 wp-block-search\" target=\"_blank\">\r\n\t<label class=\"wp-block-search__label screen-reader-text\" for=\"wp-block-search__input-1\">Rechercher<\/label>\r\n\t<div class=\"wp-block-search__inside-wrapper m-2\">\r\n\t\t<input class=\"wp-block-search__input\" id=\"wp-block-search__input-1\" placeholder=\"Rechercher l'aide de Newforma Project Center\" value=\"\" type=\"search\" name=\"s\" required=\"\"\/>\r\n\t\t<button aria-label=\"Search\" class=\"wp-block-search__button has-text-color has-white-color has-background has-icon wp-element-button\" type=\"submit\" style=\"background-color: #004f9f\">\r\n\t\t\t<svg class=\"search-icon\" viewbox=\"0 0 24 24\" width=\"24\" height=\"24\">\r\n\t\t\t\t<path d=\"M13 5c-3.3 0-6 2.7-6 6 0 1.4.5 2.7 1.3 3.7l-3.8 3.8 1.1 1.1 3.8-3.8c1 .8 2.3 1.3 3.7 1.3 3.3 0 6-2.7 6-6S16.3 5 13 5zm0 10.5c-2.5 0-4.5-2-4.5-4.5s2-4.5 4.5-4.5 4.5 2 4.5 4.5-2 4.5-4.5 4.5z\"><\/path>\r\n\t\t\t<\/svg>\r\n\t\t<\/button>\r\n\t<\/div>\r\n<\/form>\n\n\n\n<h3 class=\"wp-block-heading has-text-align-left mt-4\">Cat\u00e9gories de Newforma Project Center<\/h3>\n\n\n<section class=\"categories npc m-2\"><a href=\"https:\/\/projectcenter.help.newforma.com\/whats-new\/\" target=\"_blank\"><div class=\"row my-0 py-0\"><div class=\"col-auto ps-2 pe-0\"><span class=\"panel-icon\"><span class=\"icon-folder\"><\/span><\/span><\/div><div class=\"col px-2\">&zwnj;What's New<\/div><\/div><\/a><a href=\"https:\/\/projectcenter.help.newforma.com\/activity-centers\/\" target=\"_blank\"><div class=\"row my-0 py-0\"><div class=\"col-auto ps-2 pe-0\"><span class=\"panel-icon\"><span class=\"icon-folder\"><\/span><\/span><\/div><div class=\"col px-2\">Activity Centers<\/div><\/div><\/a><a href=\"https:\/\/projectcenter.help.newforma.com\/add-ins\/\" target=\"_blank\"><div class=\"row my-0 py-0\"><div class=\"col-auto ps-2 pe-0\"><span class=\"panel-icon\"><span class=\"icon-folder\"><\/span><\/span><\/div><div class=\"col px-2\">Add-ins<\/div><\/div><\/a><a href=\"https:\/\/projectcenter.help.newforma.com\/info-exchange\/\" target=\"_blank\"><div class=\"row my-0 py-0\"><div class=\"col-auto ps-2 pe-0\"><span class=\"panel-icon\"><span class=\"icon-folder\"><\/span><\/span><\/div><div class=\"col px-2\">Info Exchange<\/div><\/div><\/a><a href=\"https:\/\/projectcenter.help.newforma.com\/learning\/\" target=\"_blank\"><div class=\"row my-0 py-0\"><div class=\"col-auto ps-2 pe-0\"><span class=\"panel-icon\"><span class=\"icon-folder\"><\/span><\/span><\/div><div class=\"col px-2\">Learning<\/div><\/div><\/a><a href=\"https:\/\/projectcenter.help.newforma.com\/overviews\/\" target=\"_blank\"><div class=\"row my-0 py-0\"><div class=\"col-auto ps-2 pe-0\"><span class=\"panel-icon\"><span class=\"icon-folder\"><\/span><\/span><\/div><div class=\"col px-2\">Overviews<\/div><\/div><\/a><a href=\"https:\/\/projectcenter.help.newforma.com\/navigation\/\" target=\"_blank\"><div class=\"row my-0 py-0\"><div class=\"col-auto ps-2 pe-0\"><span class=\"panel-icon\"><span class=\"icon-folder\"><\/span><\/span><\/div><div class=\"col px-2\">Navigation<\/div><\/div><\/a><\/section>\n<\/div>\n\n\n\n<div class=\"wp-block-column card p-4 is-layout-flow wp-block-column-is-layout-flow\"><div class=\"wp-block-image mb-4\">\n<figure class=\"aligncenter size-large is-resized\"><a href=\"https:\/\/constructex.help.newforma.com\/\" target=\"_blank\" rel=\"noreferrer noopener\"><img loading=\"lazy\" decoding=\"async\" width=\"395\" height=\"70\" src=\"https:\/\/helpnfprod.wpenginepowered.com\/wp-content\/uploads\/NF_CEx_4c_L.svg\" alt=\"\" class=\"wp-image-15946\" style=\"height:50px\"\/><\/a><\/figure>\n<\/div>\n\n\n<form role=\"search\" method=\"get\" action=\"https:\/\/constructex.help.newforma.com\/\" class=\"wp-block-search__button-inside wp-block-search__icon-button my-0 wp-block-search\" target=\"_blank\">\r\n\t<label class=\"wp-block-search__label screen-reader-text\" for=\"wp-block-search__input-1\">Rechercher<\/label>\r\n\t<div class=\"wp-block-search__inside-wrapper m-2\">\r\n\t\t<input class=\"wp-block-search__input\" id=\"wp-block-search__input-1\" placeholder=\"Rechercher l'aide de Newforma ConstructEx\" value=\"\" type=\"search\" name=\"s\" required=\"\"\/>\r\n\t\t<button aria-label=\"Search\" class=\"wp-block-search__button has-text-color has-white-color has-background has-icon wp-element-button\" type=\"submit\" style=\"background-color: #004f9f\">\r\n\t\t\t<svg class=\"search-icon\" viewbox=\"0 0 24 24\" width=\"24\" height=\"24\">\r\n\t\t\t\t<path d=\"M13 5c-3.3 0-6 2.7-6 6 0 1.4.5 2.7 1.3 3.7l-3.8 3.8 1.1 1.1 3.8-3.8c1 .8 2.3 1.3 3.7 1.3 3.3 0 6-2.7 6-6S16.3 5 13 5zm0 10.5c-2.5 0-4.5-2-4.5-4.5s2-4.5 4.5-4.5 4.5 2 4.5 4.5-2 4.5-4.5 4.5z\"><\/path>\r\n\t\t\t<\/svg>\r\n\t\t<\/button>\r\n\t<\/div>\r\n<\/form>\n\n\n\n<h3 class=\"wp-block-heading has-text-align-left mt-4\">Cat\u00e9gories de Newforma ConstructEx<\/h3>\n\n\n<section class=\"categories cx m-2\"><a href=\"https:\/\/constructex.help.newforma.com\/getting-started\/\" target=\"_blank\" class=\"cat-link\"><div class=\"row my-0 py-0\"><div class=\"col-auto ps-2 pe-0\"><span class=\"panel-icon\"><span class=\"icon-folder\"><\/span><\/span><\/div><div class=\"col px-2\">Getting Started<\/div><\/div><\/a><a href=\"https:\/\/constructex.help.newforma.com\/constructex-modules\/\" target=\"_blank\" class=\"cat-link\"><div class=\"row my-0 py-0\"><div class=\"col-auto ps-2 pe-0\"><span class=\"panel-icon\"><span class=\"icon-folder\"><\/span><\/span><\/div><div class=\"col px-2\">ConstructEx Modules<\/div><\/div><\/a><a href=\"https:\/\/constructex.help.newforma.com\/how-tos\/\" target=\"_blank\" class=\"cat-link\"><div class=\"row my-0 py-0\"><div class=\"col-auto ps-2 pe-0\"><span class=\"panel-icon\"><span class=\"icon-folder\"><\/span><\/span><\/div><div class=\"col px-2\">How Tos<\/div><\/div><\/a><a href=\"https:\/\/constructex.help.newforma.com\/overviews\/\" target=\"_blank\" class=\"cat-link\"><div class=\"row my-0 py-0\"><div class=\"col-auto ps-2 pe-0\"><span class=\"panel-icon\"><span class=\"icon-folder\"><\/span><\/span><\/div><div class=\"col px-2\">Overviews<\/div><\/div><\/a><a href=\"https:\/\/constructex.help.newforma.com\/reference-guides\/\" target=\"_blank\" class=\"cat-link\"><div class=\"row my-0 py-0\"><div class=\"col-auto ps-2 pe-0\"><span class=\"panel-icon\"><span class=\"icon-folder\"><\/span><\/span><\/div><div class=\"col px-2\">Reference Guides<\/div><\/div><\/a><a href=\"https:\/\/constructex.help.newforma.com\/tips-and-tricks\/\" target=\"_blank\" class=\"cat-link\"><div class=\"row my-0 py-0\"><div class=\"col-auto ps-2 pe-0\"><span class=\"panel-icon\"><span class=\"icon-folder\"><\/span><\/span><\/div><div class=\"col px-2\">Tips and Tricks<\/div><\/div><\/a><\/section>\n<\/div>\n<\/div>\n","protected":false},"excerpt":{"rendered":"<p>Rechercher Cat\u00e9gories de Newforma Konekt Rechercher Cat\u00e9gories de Newforma Project Center Rechercher Cat\u00e9gories de Newforma ConstructEx<\/p>\n","protected":false},"author":4,"featured_media":0,"parent":0,"menu_order":0,"comment_status":"closed","ping_status":"closed","template":"","meta":{"_acf_changed":false,"footnotes":""},"class_list":["post-18107","page","type-page","status-publish","hentry"],"acf":[],"yoast_head":"<!-- This site is optimized with the Yoast SEO plugin v27.5 - https:\/\/yoast.com\/product\/yoast-seo-wordpress\/ -->\n<title>404 - Newforma Help<\/title>\n<meta name=\"robots\" content=\"index, follow, max-snippet:-1, max-image-preview:large, max-video-preview:-1\" \/>\n<link rel=\"canonical\" href=\"https:\/\/help.newforma.com\/fr\/404fr\/\" \/>\n<meta property=\"og:locale\" content=\"fr_FR\" \/>\n<meta property=\"og:type\" content=\"article\" \/>\n<meta property=\"og:title\" content=\"404 - Newforma Help\" \/>\n<meta property=\"og:description\" content=\"Rechercher Cat\u00e9gories de Newforma Konekt Rechercher Cat\u00e9gories de Newforma Project Center Rechercher Cat\u00e9gories de Newforma ConstructEx\" \/>\n<meta property=\"og:url\" content=\"https:\/\/help.newforma.com\/fr\/404fr\/\" \/>\n<meta property=\"og:site_name\" content=\"Newforma Help\" \/>\n<meta property=\"article:modified_time\" content=\"2024-01-28T18:34:22+00:00\" \/>\n<meta property=\"og:image\" content=\"https:\/\/helpnfprod.wpenginepowered.com\/wp-content\/uploads\/NF_Konekt_4c_L-1.svg\" \/>\n<meta name=\"twitter:card\" content=\"summary_large_image\" \/>\n<meta name=\"twitter:label1\" content=\"Dur\u00e9e de lecture estim\u00e9e\" \/>\n\t<meta name=\"twitter:data1\" content=\"1 minute\" \/>\n<script type=\"application\/ld+json\" class=\"yoast-schema-graph\">{\"@context\":\"https:\\\/\\\/schema.org\",\"@graph\":[{\"@type\":\"WebPage\",\"@id\":\"https:\\\/\\\/help.newforma.com\\\/fr\\\/404fr\\\/\",\"url\":\"https:\\\/\\\/help.newforma.com\\\/fr\\\/404fr\\\/\",\"name\":\"404 - Newforma Help\",\"isPartOf\":{\"@id\":\"https:\\\/\\\/help.newforma.com\\\/fr\\\/#website\"},\"primaryImageOfPage\":{\"@id\":\"https:\\\/\\\/help.newforma.com\\\/fr\\\/404fr\\\/#primaryimage\"},\"image\":{\"@id\":\"https:\\\/\\\/help.newforma.com\\\/fr\\\/404fr\\\/#primaryimage\"},\"thumbnailUrl\":\"https:\\\/\\\/helpnfprod.wpenginepowered.com\\\/wp-content\\\/uploads\\\/NF_Konekt_4c_L-1.svg\",\"datePublished\":\"2024-01-28T18:20:03+00:00\",\"dateModified\":\"2024-01-28T18:34:22+00:00\",\"breadcrumb\":{\"@id\":\"https:\\\/\\\/help.newforma.com\\\/fr\\\/404fr\\\/#breadcrumb\"},\"inLanguage\":\"fr-FR\",\"potentialAction\":[{\"@type\":\"ReadAction\",\"target\":[\"https:\\\/\\\/help.newforma.com\\\/fr\\\/404fr\\\/\"]}]},{\"@type\":\"ImageObject\",\"inLanguage\":\"fr-FR\",\"@id\":\"https:\\\/\\\/help.newforma.com\\\/fr\\\/404fr\\\/#primaryimage\",\"url\":\"https:\\\/\\\/helpnfprod.wpenginepowered.com\\\/wp-content\\\/uploads\\\/NF_Konekt_4c_L-1.svg\",\"contentUrl\":\"https:\\\/\\\/helpnfprod.wpenginepowered.com\\\/wp-content\\\/uploads\\\/NF_Konekt_4c_L-1.svg\"},{\"@type\":\"BreadcrumbList\",\"@id\":\"https:\\\/\\\/help.newforma.com\\\/fr\\\/404fr\\\/#breadcrumb\",\"itemListElement\":[{\"@type\":\"ListItem\",\"position\":1,\"name\":\"Home\",\"item\":\"https:\\\/\\\/help.newforma.com\\\/fr\\\/\"},{\"@type\":\"ListItem\",\"position\":2,\"name\":\"404\"}]},{\"@type\":\"WebSite\",\"@id\":\"https:\\\/\\\/help.newforma.com\\\/fr\\\/#website\",\"url\":\"https:\\\/\\\/help.newforma.com\\\/fr\\\/\",\"name\":\"Newforma Help\",\"description\":\"Newforma Help\",\"publisher\":{\"@id\":\"https:\\\/\\\/help.newforma.com\\\/fr\\\/#organization\"},\"potentialAction\":[{\"@type\":\"SearchAction\",\"target\":{\"@type\":\"EntryPoint\",\"urlTemplate\":\"https:\\\/\\\/help.newforma.com\\\/fr\\\/?s={search_term_string}\"},\"query-input\":{\"@type\":\"PropertyValueSpecification\",\"valueRequired\":true,\"valueName\":\"search_term_string\"}}],\"inLanguage\":\"fr-FR\"},{\"@type\":\"Organization\",\"@id\":\"https:\\\/\\\/help.newforma.com\\\/fr\\\/#organization\",\"name\":\"Newforma Help\",\"url\":\"https:\\\/\\\/help.newforma.com\\\/fr\\\/\",\"logo\":{\"@type\":\"ImageObject\",\"inLanguage\":\"fr-FR\",\"@id\":\"https:\\\/\\\/help.newforma.com\\\/fr\\\/#\\\/schema\\\/logo\\\/image\\\/\",\"url\":\"https:\\\/\\\/help.newforma.com\\\/wp-content\\\/uploads\\\/Newforma_connected_4c_L-1.png\",\"contentUrl\":\"https:\\\/\\\/help.newforma.com\\\/wp-content\\\/uploads\\\/Newforma_connected_4c_L-1.png\",\"width\":1675,\"height\":335,\"caption\":\"Newforma Help\"},\"image\":{\"@id\":\"https:\\\/\\\/help.newforma.com\\\/fr\\\/#\\\/schema\\\/logo\\\/image\\\/\"}}]}<\/script>\n<!-- \/ Yoast SEO plugin. -->","yoast_head_json":{"title":"404 - Newforma Help","robots":{"index":"index","follow":"follow","max-snippet":"max-snippet:-1","max-image-preview":"max-image-preview:large","max-video-preview":"max-video-preview:-1"},"canonical":"https:\/\/help.newforma.com\/fr\/404fr\/","og_locale":"fr_FR","og_type":"article","og_title":"404 - Newforma Help","og_description":"Rechercher Cat\u00e9gories de Newforma Konekt Rechercher Cat\u00e9gories de Newforma Project Center Rechercher Cat\u00e9gories de Newforma ConstructEx","og_url":"https:\/\/help.newforma.com\/fr\/404fr\/","og_site_name":"Newforma Help","article_modified_time":"2024-01-28T18:34:22+00:00","og_image":[{"url":"https:\/\/helpnfprod.wpenginepowered.com\/wp-content\/uploads\/NF_Konekt_4c_L-1.svg","type":"","width":"","height":""}],"twitter_card":"summary_large_image","twitter_misc":{"Dur\u00e9e de lecture estim\u00e9e":"1 minute"},"schema":{"@context":"https:\/\/schema.org","@graph":[{"@type":"WebPage","@id":"https:\/\/help.newforma.com\/fr\/404fr\/","url":"https:\/\/help.newforma.com\/fr\/404fr\/","name":"404 - Newforma Help","isPartOf":{"@id":"https:\/\/help.newforma.com\/fr\/#website"},"primaryImageOfPage":{"@id":"https:\/\/help.newforma.com\/fr\/404fr\/#primaryimage"},"image":{"@id":"https:\/\/help.newforma.com\/fr\/404fr\/#primaryimage"},"thumbnailUrl":"https:\/\/helpnfprod.wpenginepowered.com\/wp-content\/uploads\/NF_Konekt_4c_L-1.svg","datePublished":"2024-01-28T18:20:03+00:00","dateModified":"2024-01-28T18:34:22+00:00","breadcrumb":{"@id":"https:\/\/help.newforma.com\/fr\/404fr\/#breadcrumb"},"inLanguage":"fr-FR","potentialAction":[{"@type":"ReadAction","target":["https:\/\/help.newforma.com\/fr\/404fr\/"]}]},{"@type":"ImageObject","inLanguage":"fr-FR","@id":"https:\/\/help.newforma.com\/fr\/404fr\/#primaryimage","url":"https:\/\/helpnfprod.wpenginepowered.com\/wp-content\/uploads\/NF_Konekt_4c_L-1.svg","contentUrl":"https:\/\/helpnfprod.wpenginepowered.com\/wp-content\/uploads\/NF_Konekt_4c_L-1.svg"},{"@type":"BreadcrumbList","@id":"https:\/\/help.newforma.com\/fr\/404fr\/#breadcrumb","itemListElement":[{"@type":"ListItem","position":1,"name":"Home","item":"https:\/\/help.newforma.com\/fr\/"},{"@type":"ListItem","position":2,"name":"404"}]},{"@type":"WebSite","@id":"https:\/\/help.newforma.com\/fr\/#website","url":"https:\/\/help.newforma.com\/fr\/","name":"Newforma Help","description":"Newforma Help","publisher":{"@id":"https:\/\/help.newforma.com\/fr\/#organization"},"potentialAction":[{"@type":"SearchAction","target":{"@type":"EntryPoint","urlTemplate":"https:\/\/help.newforma.com\/fr\/?s={search_term_string}"},"query-input":{"@type":"PropertyValueSpecification","valueRequired":true,"valueName":"search_term_string"}}],"inLanguage":"fr-FR"},{"@type":"Organization","@id":"https:\/\/help.newforma.com\/fr\/#organization","name":"Newforma Help","url":"https:\/\/help.newforma.com\/fr\/","logo":{"@type":"ImageObject","inLanguage":"fr-FR","@id":"https:\/\/help.newforma.com\/fr\/#\/schema\/logo\/image\/","url":"https:\/\/help.newforma.com\/wp-content\/uploads\/Newforma_connected_4c_L-1.png","contentUrl":"https:\/\/help.newforma.com\/wp-content\/uploads\/Newforma_connected_4c_L-1.png","width":1675,"height":335,"caption":"Newforma Help"},"image":{"@id":"https:\/\/help.newforma.com\/fr\/#\/schema\/logo\/image\/"}}]}},"_links":{"self":[{"href":"https:\/\/help.newforma.com\/fr\/wp-json\/wp\/v2\/pages\/18107","targetHints":{"allow":["GET"]}}],"collection":[{"href":"https:\/\/help.newforma.com\/fr\/wp-json\/wp\/v2\/pages"}],"about":[{"href":"https:\/\/help.newforma.com\/fr\/wp-json\/wp\/v2\/types\/page"}],"author":[{"embeddable":true,"href":"https:\/\/help.newforma.com\/fr\/wp-json\/wp\/v2\/users\/4"}],"replies":[{"embeddable":true,"href":"https:\/\/help.newforma.com\/fr\/wp-json\/wp\/v2\/comments?post=18107"}],"version-history":[{"count":0,"href":"https:\/\/help.newforma.com\/fr\/wp-json\/wp\/v2\/pages\/18107\/revisions"}],"wp:attachment":[{"href":"https:\/\/help.newforma.com\/fr\/wp-json\/wp\/v2\/media?parent=18107"}],"curies":[{"name":"wp","href":"https:\/\/api.w.org\/{rel}","templated":true}]}}